{"id":19,"date":"2025-09-12T15:42:14","date_gmt":"2025-09-12T15:42:14","guid":{"rendered":"http:\/\/xn--ailesdesds-j7a.fr\/?page_id=19"},"modified":"2026-02-15T18:57:00","modified_gmt":"2026-02-15T17:57:00","slug":"accueil","status":"publish","type":"page","link":"https:\/\/ailesdesd\u00e9s.fr\/","title":{"rendered":"Accueil"},"content":{"rendered":"\n<div style=\"height:0px\" aria-hidden=\"true\" class=\"wp-block-spacer\"><\/div>\n\n\n\n<div class=\"wp-block-cover alignfull has-custom-content-position is-position-top-center\" style=\"margin-top:var(--wp--preset--spacing--20);margin-bottom:var(--wp--preset--spacing--20);padding-top:0rem;padding-bottom:0rem;min-height:100vh;aspect-ratio:unset;\"><img loading=\"lazy\" decoding=\"async\" width=\"1920\" height=\"1080\" class=\"wp-block-cover__image-background wp-image-52 size-full\" alt=\"\" src=\"https:\/\/ailesdesd\u00e9s.fr\/wp-content\/uploads\/2025\/09\/Accueil.jpg\" style=\"object-position:19% 43%\" data-object-fit=\"cover\" data-object-position=\"19% 43%\" srcset=\"https:\/\/ailesdesd\u00e9s.fr\/wp-content\/uploads\/2025\/09\/Accueil.jpg 1920w, https:\/\/ailesdesd\u00e9s.fr\/wp-content\/uploads\/2025\/09\/Accueil-300x169.jpg 300w, https:\/\/ailesdesd\u00e9s.fr\/wp-content\/uploads\/2025\/09\/Accueil-1024x576.jpg 1024w, https:\/\/ailesdesd\u00e9s.fr\/wp-content\/uploads\/2025\/09\/Accueil-768x432.jpg 768w, https:\/\/ailesdesd\u00e9s.fr\/wp-content\/uploads\/2025\/09\/Accueil-1536x864.jpg 1536w\" sizes=\"auto, (max-width: 1920px) 100vw, 1920px\" \/><span aria-hidden=\"true\" class=\"wp-block-cover__background has-background-dim-0 has-background-dim\" style=\"background-color:#fffefe\"><\/span><div class=\"wp-block-cover__inner-container has-global-padding is-layout-constrained wp-container-core-cover-is-layout-5df9c344 wp-block-cover-is-layout-constrained\">\n<div style=\"height:50px\" aria-hidden=\"true\" class=\"wp-block-spacer\"><\/div>\n\n\n\n<h1 class=\"wp-block-heading has-text-align-center has-text-color has-link-color wp-elements-4e1f693d2b51e68bc47f179e18ef4146\" style=\"color:#ffffff;margin-top:0;margin-right:0;margin-bottom:8rem;margin-left:0;font-size:clamp(42.068px, 2.629rem + ((1vw - 3.2px) * 4.31), 80px);font-style:normal;font-weight:500\"><strong> Jeu de r\u00f4le \u00e0 Paris <\/strong><\/h1>\n\n\n\n<div class=\"wp-block-buttons is-content-justification-center is-layout-flex wp-container-core-buttons-is-layout-c124d1c4 wp-block-buttons-is-layout-flex\">\n<div class=\"wp-block-button\"><a class=\"wp-block-button__link has-text-color has-background has-large-font-size has-custom-font-size wp-element-button\" href=\"https:\/\/ailesdesd\u00e9s.fr\/?page_id=21\" style=\"border-radius:7px;color:#ffffff;background-color:#1e293b;padding-top:var(--wp--preset--spacing--40);padding-right:var(--wp--preset--spacing--40);padding-bottom:var(--wp--preset--spacing--40);padding-left:var(--wp--preset--spacing--40);line-height:1\"><strong><strong>R\u00e9serve ta prochaine aventure !<\/strong><\/strong><\/a><\/div>\n<\/div>\n<\/div><\/div>\n\n\n\n<div class=\"wp-block-cover alignfull is-light has-custom-color-1-color has-text-color\" style=\"margin-top:var(--wp--preset--spacing--80);margin-bottom:0;padding-top:0rem;padding-right:20px;padding-bottom:0rem;padding-left:20px;min-height:100vh;aspect-ratio:unset;\"><span aria-hidden=\"true\" class=\"wp-block-cover__background has-custom-color-1-background-color has-background-dim-0 has-background-dim\"><\/span><div class=\"wp-block-cover__inner-container has-global-padding is-layout-constrained wp-container-core-cover-is-layout-7275f737 wp-block-cover-is-layout-constrained\">\n<h2 class=\"wp-block-heading has-text-align-center has-text-color has-link-color has-large-font-size wp-elements-f7117cd6dc2ba0a01699ed0ff6006ab5\" style=\"color:#1e293b\"><strong>Jeu de r\u00f4le, JDR, RPG<\/strong> : <strong>c&rsquo;est quoi ?<\/strong><\/h2>\n\n\n\n<p class=\"has-medium-font-size\">Tes amis et toi r\u00eavez de venir \u00e0 bout du dragon qui terrorise le village ? De sauver la Terre en d\u00e9truisant le vaisseau m\u00e8re alien ? Ou simplement de survivre \u00e0 l&rsquo;apocalypse zombie ? Tous les univers se pr\u00eatent au JDR !<br><br>Le jeu de r\u00f4le vous permet d&rsquo;incarner des personnages aux capacit\u00e9s extraordinaires et d&rsquo;utiliser votre imagination pour triompher des nombreux d\u00e9fis sur votre route.<br><br>Le ma\u00eetre du jeu anime un sc\u00e9nario d\u00e9coup\u00e9 en sc\u00e8nes que les joueurs vont r\u00e9soudre une \u00e0 une en utilisant les comp\u00e9tences de leur personnage.<br><br>Mais attention ! Chaque choix affecte la sc\u00e8ne suivante ! Plusieurs chemins se dessinent et plusieurs fin sont possibles !<br><br><strong>Alors, qu&rsquo;attends tu pour rejoindre l&rsquo;aventure ?<\/strong><\/p>\n\n\n\n<div class=\"wp-block-columns is-layout-flex wp-container-core-columns-is-layout-28f84493 wp-block-columns-is-layout-flex\">\n<div class=\"wp-block-column is-layout-flow wp-block-column-is-layout-flow\"><\/div>\n\n\n\n<div class=\"wp-block-column is-layout-flow wp-block-column-is-layout-flow\">\n<div class=\"wp-block-buttons is-content-justification-center is-layout-flex wp-container-core-buttons-is-layout-a89b3969 wp-block-buttons-is-layout-flex\">\n<div class=\"wp-block-button\"><a class=\"wp-block-button__link has-text-color has-background has-medium-font-size has-custom-font-size wp-element-button\" href=\"https:\/\/ailesdesd\u00e9s.fr\/?page_id=21\" style=\"border-radius:7px;color:#ffffff;background-color:#1e293b;padding-top:var(--wp--preset--spacing--40);padding-right:var(--wp--preset--spacing--40);padding-bottom:var(--wp--preset--spacing--40);padding-left:var(--wp--preset--spacing--40);line-height:1\"><strong>S&rsquo;initier au jeu de r\u00f4le<\/strong><\/a><\/div>\n<\/div>\n<\/div>\n\n\n\n<div class=\"wp-block-column is-layout-flow wp-block-column-is-layout-flow\">\n<div class=\"wp-block-buttons is-content-justification-center is-layout-flex wp-container-core-buttons-is-layout-a89b3969 wp-block-buttons-is-layout-flex\">\n<div class=\"wp-block-button\"><a class=\"wp-block-button__link has-text-color has-background has-medium-font-size has-custom-font-size wp-element-button\" href=\"https:\/\/ailesdesd\u00e9s.fr\/?page_id=404\" style=\"border-radius:7px;color:#ffffff;background-color:#1e293b;padding-top:var(--wp--preset--spacing--40);padding-right:var(--wp--preset--spacing--40);padding-bottom:var(--wp--preset--spacing--40);padding-left:var(--wp--preset--spacing--40);line-height:1\"><strong>Aventuriers aguerris<\/strong><\/a><\/div>\n<\/div>\n<\/div>\n\n\n\n<div class=\"wp-block-column is-layout-flow wp-block-column-is-layout-flow\"><\/div>\n<\/div>\n\n\n\n<div class=\"wp-block-cover alignfull is-light has-custom-content-position is-position-top-center\" style=\"min-height:570px;aspect-ratio:unset;\"><span aria-hidden=\"true\" class=\"wp-block-cover__background has-background-dim\" style=\"background-color:#FFF\"><\/span><div class=\"wp-block-cover__inner-container has-global-padding is-layout-constrained wp-block-cover-is-layout-constrained\">\n<h2 class=\"wp-block-heading has-text-align-center has-text-color has-large-font-size\" style=\"color:#1e293b;margin-bottom:2.71rem;font-style:normal;font-weight:500\"><strong>Comment se d\u00e9roule une partie<\/strong> ?<\/h2>\n\n\n\n<p class=\"has-text-align-left has-medium-font-size\">Le jour venu, je te retrouve toi et tes proches, j&rsquo;installe la table et j&rsquo;explique les r\u00e8gles.<br><br>Quand tout le monde est pr\u00eat, je plante le d\u00e9cor et je lance l&rsquo;intrigue.<br><br>C&rsquo;est au tour des joueurs, qui doivent faire preuve d&rsquo;inventivit\u00e9 et d&rsquo;esprit d&rsquo;\u00e9quipe pour faire avancer le sc\u00e9nario. Certaines actions donnent lieu \u00e0 un jet de d\u00e9s pour en r\u00e9soudre l&rsquo;issue.<br><br>Le ma\u00eetre du jeu d\u00e9crit les cons\u00e9quences de la r\u00e9ussite (ou de l&rsquo;\u00e9chec) de l&rsquo;action, et passe au joueur ou \u00e0 la sc\u00e8ne suivante.<br><br>Une fois le sc\u00e9nario termin\u00e9, un bref moment est consacr\u00e9 pour un retour d&rsquo;exp\u00e9rience.<\/p>\n<\/div><\/div>\n<\/div><\/div>\n\n\n\n<div class=\"wp-block-cover alignfull is-light\" style=\"margin-top:0;margin-bottom:0;padding-top:2rem;padding-right:20px;padding-bottom:2rem;padding-left:20px;min-height:100vh;aspect-ratio:unset;\"><span aria-hidden=\"true\" class=\"wp-block-cover__background has-background-dim-0 has-background-dim\"><\/span><div class=\"wp-block-cover__inner-container has-global-padding is-layout-constrained wp-container-core-cover-is-layout-f44a4a0b wp-block-cover-is-layout-constrained\">\n<h2 class=\"wp-block-heading has-text-align-center has-text-color has-large-font-size\" style=\"color:#1e293b;margin-bottom:2.71rem;font-style:normal;font-weight:500\"><strong>Le savoir-faire d&rsquo;Ailes des d\u00e9s<\/strong><\/h2>\n\n\n\n<p class=\"has-text-align-center has-medium-font-size\">Une <strong>exp\u00e9rience sur-mesure<\/strong> centr\u00e9e sur le <strong>plaisir de jouer<\/strong><br><br><strong>Disponibilit\u00e9<\/strong> et <strong>r\u00e9activit\u00e9<\/strong><br><br><strong>R\u00e8gles accessibles<\/strong> pour plus de temps de jeu<br><br>Des <strong>sc\u00e9narios in\u00e9dits<\/strong> et <strong>sans IA<\/strong><\/p>\n\n\n<div class=\"is-default-size aligncenter is-style-default wp-block-site-logo\"><a href=\"https:\/\/ailesdesd\u00e9s.fr\/\" class=\"custom-logo-link\" rel=\"home\"><img loading=\"lazy\" decoding=\"async\" width=\"700\" height=\"700\" src=\"https:\/\/ailesdesd\u00e9s.fr\/wp-content\/uploads\/2025\/09\/Ailes-des-des-logo-5.png\" class=\"custom-logo\" alt=\"Ailes des d\u00e9s\" srcset=\"https:\/\/ailesdesd\u00e9s.fr\/wp-content\/uploads\/2025\/09\/Ailes-des-des-logo-5.png 700w, https:\/\/ailesdesd\u00e9s.fr\/wp-content\/uploads\/2025\/09\/Ailes-des-des-logo-5-300x300.png 300w, https:\/\/ailesdesd\u00e9s.fr\/wp-content\/uploads\/2025\/09\/Ailes-des-des-logo-5-150x150.png 150w\" sizes=\"auto, (max-width: 700px) 100vw, 700px\" \/><\/a><\/div>\n\n\n<div class=\"wp-block-group has-global-padding is-layout-constrained wp-block-group-is-layout-constrained\">\n<div style=\"height:16px\" aria-hidden=\"true\" class=\"wp-block-spacer\"><\/div>\n\n\n\n<h2 class=\"wp-block-heading has-text-align-center has-text-color has-large-font-size\" style=\"color:#1e293b;margin-top:0;margin-bottom:0;font-style:normal;font-weight:500\">Me contacter<\/h2>\n\n\n\n<p class=\"has-text-align-center has-text-color has-medium-font-size\" style=\"color:#000000;margin-top:20px;margin-bottom:50px\">contact@ailesdesd\u00e9s.fr<\/p>\n<\/div>\n<\/div><\/div>\n","protected":false},"excerpt":{"rendered":"","protected":false},"author":1,"featured_media":0,"parent":0,"menu_order":0,"comment_status":"closed","ping_status":"closed","template":"","meta":{"footnotes":""},"class_list":["post-19","page","type-page","status-publish","hentry"],"_links":{"self":[{"href":"https:\/\/ailesdesd\u00e9s.fr\/index.php?rest_route=\/wp\/v2\/pages\/19","targetHints":{"allow":["GET"]}}],"collection":[{"href":"https:\/\/ailesdesd\u00e9s.fr\/index.php?rest_route=\/wp\/v2\/pages"}],"about":[{"href":"https:\/\/ailesdesd\u00e9s.fr\/index.php?rest_route=\/wp\/v2\/types\/page"}],"author":[{"embeddable":true,"href":"https:\/\/ailesdesd\u00e9s.fr\/index.php?rest_route=\/wp\/v2\/users\/1"}],"replies":[{"embeddable":true,"href":"https:\/\/ailesdesd\u00e9s.fr\/index.php?rest_route=%2Fwp%2Fv2%2Fcomments&post=19"}],"version-history":[{"count":175,"href":"https:\/\/ailesdesd\u00e9s.fr\/index.php?rest_route=\/wp\/v2\/pages\/19\/revisions"}],"predecessor-version":[{"id":562,"href":"https:\/\/ailesdesd\u00e9s.fr\/index.php?rest_route=\/wp\/v2\/pages\/19\/revisions\/562"}],"wp:attachment":[{"href":"https:\/\/ailesdesd\u00e9s.fr\/index.php?rest_route=%2Fwp%2Fv2%2Fmedia&parent=19"}],"curies":[{"name":"wp","href":"https:\/\/api.w.org\/{rel}","templated":true}]}}