{"id":21,"date":"2025-09-12T15:43:43","date_gmt":"2025-09-12T15:43:43","guid":{"rendered":"http:\/\/xn--ailesdesds-j7a.fr\/?page_id=21"},"modified":"2026-02-15T19:13:29","modified_gmt":"2026-02-15T18:13:29","slug":"les-scenarios","status":"publish","type":"page","link":"https:\/\/ailesdesd\u00e9s.fr\/?page_id=21","title":{"rendered":"Initiation"},"content":{"rendered":"\n<div style=\"height:3px\" aria-hidden=\"true\" class=\"wp-block-spacer\"><\/div>\n\n\n<div class=\"n2_clear\"><ss3-force-full-width data-overflow-x=\"body\" data-horizontal-selector=\"body\"><div class=\"n2-section-smartslider fitvidsignore  n2_clear\" data-ssid=\"2\"><div id=\"n2-ss-2-align\" class=\"n2-ss-align\"><div class=\"n2-padding\"><div id=\"n2-ss-2\" data-creator=\"Smart Slider 3\" data-responsive=\"fullwidth\" class=\"n2-ss-slider n2-ow n2-has-hover n2notransition  \"><div class=\"n2-ss-slider-wrapper-inside\">\n        <div class=\"n2-ss-slider-1 n2_ss__touch_element n2-ow\">\n            <div class=\"n2-ss-slider-2 n2-ow\">\n                                                    <div class=\"n2-ss-background-animation n2-ow\"><\/div>\n                                <div class=\"n2-ss-slider-3 n2-ow\">\n\n                    <div class=\"n2-ss-slide-backgrounds n2-ow-all\"><div class=\"n2-ss-slide-background\" data-public-id=\"1\" data-mode=\"fill\"><div class=\"n2-ss-slide-background-image\" data-blur=\"0\" data-opacity=\"100\" data-x=\"50\" data-y=\"50\" data-alt=\"D\u00e9sert sous le soleil\" data-title=\"Jeu de r\u00f4le \u00c9gypte\"><picture class=\"skip-lazy\" data-skip-lazy=\"1\"><img decoding=\"async\" src=\"\/\/ailesdesd\u00e9s.fr\/wp-content\/uploads\/2025\/10\/desert-2.jpg\" alt=\"D\u00e9sert sous le soleil\" title=\"Jeu de r\u00f4le \u00c9gypte\" loading=\"lazy\" class=\"skip-lazy\" data-skip-lazy=\"1\"><\/picture><\/div><div data-color=\"RGBA(255,255,255,0)\" style=\"background-color: RGBA(255,255,255,0);\" class=\"n2-ss-slide-background-color\"><\/div><\/div><div class=\"n2-ss-slide-background\" data-public-id=\"2\" data-mode=\"fill\" aria-hidden=\"true\"><div class=\"n2-ss-slide-background-image\" data-blur=\"0\" data-opacity=\"100\" data-x=\"50\" data-y=\"50\" data-alt=\"\" data-title=\"\"><picture class=\"skip-lazy\" data-skip-lazy=\"1\"><img decoding=\"async\" src=\"\/\/ailesdesd\u00e9s.fr\/wp-content\/uploads\/2025\/09\/Esprit.jpg\" alt=\"\" title=\"\" loading=\"lazy\" class=\"skip-lazy\" data-skip-lazy=\"1\"><\/picture><\/div><div data-color=\"RGBA(255,255,255,0)\" style=\"background-color: RGBA(255,255,255,0);\" class=\"n2-ss-slide-background-color\"><\/div><\/div><\/div>                    <div class=\"n2-ss-slider-4 n2-ow\">\n                        <svg xmlns=\"http:\/\/www.w3.org\/2000\/svg\" viewBox=\"0 0 1200 500\" data-related-device=\"desktopPortrait\" class=\"n2-ow n2-ss-preserve-size n2-ss-preserve-size--slider n2-ss-slide-limiter\"><\/svg><div data-first=\"1\" data-slide-duration=\"0\" data-id=\"3\" data-slide-public-id=\"1\" data-title=\"La tablette d'Apophis\" class=\"n2-ss-slide n2-ow  n2-ss-slide-3\"><div role=\"note\" class=\"n2-ss-slide--focus\" tabindex=\"-1\">La tablette d&rsquo;Apophis<\/div><div class=\"n2-ss-layers-container n2-ss-slide-limiter n2-ow\"><div class=\"n2-ss-layer n2-ow n-uc-wd0jOlnllYRy\" data-sstype=\"slide\" data-pm=\"default\"><div class=\"n2-ss-layer n2-ow n-uc-F6o1iMc0Dubv\" data-pm=\"default\" data-sstype=\"content\" data-hasbackground=\"0\"><div class=\"n2-ss-section-main-content n2-ss-layer-with-background n2-ss-layer-content n2-ow n-uc-F6o1iMc0Dubv-inner\"><div class=\"n2-ss-layer n2-ow n-uc-g4CwQ3LzHUXv\" data-pm=\"normal\" data-sstype=\"layer\"><div id=\"n2-ss-2item1\" class=\"n2-font-137d5ec5186e4b11bf758bb82b5e249a-hover n2-style-61f340e42fba6e7474e287bd466d672e-heading   n2-ss-item-content n2-ss-text n2-ow\" style=\"display:block;\">La tablette d&rsquo;Apophis<\/div><\/div><div class=\"n2-ss-layer n2-ow n2-ss-layer--block n2-ss-has-self-align n-uc-18d6f1adf1fe4\" data-pm=\"normal\" data-sstype=\"row\"><div class=\"n2-ss-layer-row n2-ss-layer-with-background n-uc-18d6f1adf1fe4-inner\"><div class=\"n2-ss-layer-row-inner \"><div class=\"n2-ss-layer n2-ow n-uc-196ba3d010ba8\" data-pm=\"default\" data-sstype=\"col\"><div class=\"n2-ss-layer-col n2-ss-layer-with-background n2-ss-layer-content n-uc-196ba3d010ba8-inner\"><div class=\"n2-ss-layer n2-ow n-uc-OItAS1sWcCBq\" data-pm=\"normal\" data-sstype=\"layer\"><div class=\"n2-ss-item-content n2-ss-text n2-ow-all\"><div class=\"\"><p class=\"n2-font-d36b34b7afd7f0619467d0d15e61aeb0-paragraph  n2-style-848a9f999cd3532a9aa54dce0e9e614c-heading  \">Un artefact mal\u00e9fique a \u00e9t\u00e9 d\u00e9rob\u00e9 dans le bureau du Premier Scribe ! Incarnez des magiciens ma\u00eetrisant les pouvoirs des dieux de l\u2019\u00c9gypte antique et emp\u00eachez les cultistes d&rsquo;invoquer le dieu du Chaos Apophis !<\/p>\n<\/div><\/div><\/div><\/div><\/div><div class=\"n2-ss-layer n2-ow n-uc-1745aa4809b93\" data-pm=\"default\" data-sstype=\"col\"><div class=\"n2-ss-layer-col n2-ss-layer-with-background n2-ss-layer-content n-uc-1745aa4809b93-inner\"><div class=\"n2-ss-layer n2-ow n-uc-peCS96mCMd5B\" data-pm=\"normal\" data-sstype=\"layer\"><div class=\"n2-ss-item-content n2-ss-text n2-ow-all\"><div class=\"\"><p class=\"n2-font-3d935243bc7c1e3fbf5bf6c23b3861e0-paragraph  n2-style-848a9f999cd3532a9aa54dce0e9e614c-heading  \">Id\u00e9al pour les <b>d\u00e9butants<\/b><br \/>\nDe <b>2 \u00e0 6 joueurs<\/b><br \/>\nDur\u00e9e d&rsquo;<b>environ 1h30<\/b><br \/>\n\u00c0 partir de <b>15\u20ac\/pers<\/b>.<\/p>\n<\/div><\/div><\/div><\/div><\/div><\/div><\/div><\/div><\/div><\/div><\/div><\/div><\/div><div data-slide-duration=\"0\" data-id=\"14\" data-slide-public-id=\"2\" aria-hidden=\"true\" data-title=\"Slide\" class=\"n2-ss-slide n2-ow  n2-ss-slide-14\"><div role=\"note\" class=\"n2-ss-slide--focus\" tabindex=\"-1\">Slide<\/div><div class=\"n2-ss-layers-container n2-ss-slide-limiter n2-ow\"><div class=\"n2-ss-layer n2-ow n-uc-d69vtrMQmpkk\" data-sstype=\"slide\" data-pm=\"default\"><div class=\"n2-ss-layer n2-ow n-uc-gXMbh10h5nL1\" data-pm=\"default\" data-sstype=\"content\" data-hasbackground=\"0\"><div class=\"n2-ss-section-main-content n2-ss-layer-with-background n2-ss-layer-content n2-ow n-uc-gXMbh10h5nL1-inner\"><div class=\"n2-ss-layer n2-ow n-uc-Ue7q9BAXo1Qm\" data-pm=\"normal\" data-sstype=\"layer\"><div id=\"n2-ss-2item4\" class=\"n2-font-137d5ec5186e4b11bf758bb82b5e249a-hover n2-style-61f340e42fba6e7474e287bd466d672e-heading   n2-ss-item-content n2-ss-text n2-ow\" style=\"display:block;\">Et d&rsquo;autres \u00e0 venir !<\/div><\/div><\/div><\/div><\/div><\/div><\/div>                    <\/div>\n\n                                    <\/div>\n            <\/div>\n        <\/div>\n        <div class=\"n2-ss-slider-controls n2-ss-slider-controls-absolute-left-center\"><div style=\"--widget-offset:15px;\" class=\"n2-ss-widget nextend-arrow n2-ow-all nextend-arrow-previous  nextend-arrow-animated-fade\" id=\"n2-ss-2-arrow-previous\" role=\"button\" aria-label=\"previous arrow\" tabindex=\"0\"><img loading=\"lazy\" decoding=\"async\" width=\"32\" height=\"32\" class=\"skip-lazy\" data-skip-lazy=\"1\" src=\"data:image\/svg+xml;base64,PHN2ZyB3aWR0aD0iMzIiIGhlaWdodD0iMzIiIHZpZXdCb3g9IjAgMCAzMiAzMiIgeG1sbnM9Imh0dHA6Ly93d3cudzMub3JnLzIwMDAvc3ZnIj4KICAgIDxwYXRoIGQ9Ik0xMS40MzMgMTUuOTkyTDIyLjY5IDUuNzEyYy4zOTMtLjM5LjM5My0xLjAzIDAtMS40Mi0uMzkzLS4zOS0xLjAzLS4zOS0xLjQyMyAwbC0xMS45OCAxMC45NGMtLjIxLjIxLS4zLjQ5LS4yODUuNzYtLjAxNS4yOC4wNzUuNTYuMjg0Ljc3bDExLjk4IDEwLjk0Yy4zOTMuMzkgMS4wMy4zOSAxLjQyNCAwIC4zOTMtLjQuMzkzLTEuMDMgMC0xLjQybC0xMS4yNTctMTAuMjkiCiAgICAgICAgICBmaWxsPSIjZmZmZmZmIiBvcGFjaXR5PSIwLjgiIGZpbGwtcnVsZT0iZXZlbm9kZCIvPgo8L3N2Zz4=\" alt=\"previous arrow\"><\/div><\/div><div class=\"n2-ss-slider-controls n2-ss-slider-controls-absolute-right-center\"><div style=\"--widget-offset:15px;\" class=\"n2-ss-widget nextend-arrow n2-ow-all nextend-arrow-next  nextend-arrow-animated-fade\" id=\"n2-ss-2-arrow-next\" role=\"button\" aria-label=\"next arrow\" tabindex=\"0\"><img loading=\"lazy\" decoding=\"async\" width=\"32\" height=\"32\" class=\"skip-lazy\" data-skip-lazy=\"1\" src=\"data:image\/svg+xml;base64,PHN2ZyB3aWR0aD0iMzIiIGhlaWdodD0iMzIiIHZpZXdCb3g9IjAgMCAzMiAzMiIgeG1sbnM9Imh0dHA6Ly93d3cudzMub3JnLzIwMDAvc3ZnIj4KICAgIDxwYXRoIGQ9Ik0xMC43MjIgNC4yOTNjLS4zOTQtLjM5LTEuMDMyLS4zOS0xLjQyNyAwLS4zOTMuMzktLjM5MyAxLjAzIDAgMS40MmwxMS4yODMgMTAuMjgtMTEuMjgzIDEwLjI5Yy0uMzkzLjM5LS4zOTMgMS4wMiAwIDEuNDIuMzk1LjM5IDEuMDMzLjM5IDEuNDI3IDBsMTIuMDA3LTEwLjk0Yy4yMS0uMjEuMy0uNDkuMjg0LS43Ny4wMTQtLjI3LS4wNzYtLjU1LS4yODYtLjc2TDEwLjcyIDQuMjkzeiIKICAgICAgICAgIGZpbGw9IiNmZmZmZmYiIG9wYWNpdHk9IjAuOCIgZmlsbC1ydWxlPSJldmVub2RkIi8+Cjwvc3ZnPg==\" alt=\"next arrow\"><\/div><\/div><\/div><\/div><ss3-loader><\/ss3-loader><\/div><\/div><div class=\"n2_clear\"><\/div><\/div><\/ss3-force-full-width><\/div>\n\n\n<h2 class=\"wp-block-heading has-text-align-center has-text-color has-link-color has-large-font-size wp-elements-f5d8ca802e0455392d613e2aed2e9cd8\" style=\"color:#1e293b\"><strong>D\u00e9couvrez le jeu de r\u00f4le<\/strong> <strong>en toute simplicit\u00e9<\/strong><\/h2>\n\n\n\n<p>Mes sc\u00e9narios d&rsquo;initiation sont con\u00e7us pour faire d\u00e9couvrir au plus grand nombre le jeu de r\u00f4le, avec un <strong>minimum de r\u00e8gles pour un maximum de jeu<\/strong> !<br><br>Peur de ne pas savoir jouer ? Inquiet pour l&rsquo;ambiance autour de la table ? Je m&rsquo;occupe de tout : \u00e9change en amont, partie guid\u00e9e de fa\u00e7on professionnelle, mat\u00e9riel de jeu. Tout est pr\u00e9vu pour que vous n&rsquo;ayez qu&rsquo;une chose en t\u00eate : <strong>vous amuser avec vos proches <\/strong>!<br><br>Le petit plus ? <strong>Retrouvez la suite de vos aventures<\/strong> dans les sc\u00e9narios One-Shot, <a href=\"https:\/\/ailesdesd\u00e9s.fr\/?page_id=404\" data-type=\"page\" data-id=\"404\"><strong>disponible ici<\/strong><\/a><strong> <\/strong>!<\/p>\n\n\n\n<h2 class=\"wp-block-heading has-text-align-center has-text-color has-link-color has-large-font-size wp-elements-ff586d60376b32fccbe78b55d227542a\" style=\"color:#1e293b\"><strong>Tarifs<\/strong><\/h2>\n\n\n\n<figure class=\"wp-block-table\"><table class=\"has-fixed-layout\"><tbody><tr><td class=\"has-text-align-center\" data-align=\"center\"><strong>2<\/strong> joueurs<\/td><td class=\"has-text-align-center\" data-align=\"center\"><strong>20 \u20ac<\/strong> par personne<\/td><\/tr><tr><td class=\"has-text-align-center\" data-align=\"center\"><strong>3<\/strong> joueurs<\/td><td class=\"has-text-align-center\" data-align=\"center\"><strong>18 \u20ac<\/strong> par personne<\/td><\/tr><tr><td class=\"has-text-align-center\" data-align=\"center\"><strong>4 <\/strong>joueurs<\/td><td class=\"has-text-align-center\" data-align=\"center\"><strong>17\u20ac<\/strong> par personne<\/td><\/tr><tr><td class=\"has-text-align-center\" data-align=\"center\"><strong>5<\/strong> joueurs<\/td><td class=\"has-text-align-center\" data-align=\"center\"><strong>16 \u20ac<\/strong> par personne<\/td><\/tr><tr><td class=\"has-text-align-center\" data-align=\"center\"><strong>6<\/strong> joueurs<\/td><td class=\"has-text-align-center\" data-align=\"center\"><strong>15 \u20ac<\/strong> par personne<\/td><\/tr><\/tbody><\/table><\/figure>\n\n\n\n<div class=\"wp-block-cover alignfull is-light\" style=\"margin-top:0;margin-bottom:0;padding-top:2rem;padding-right:20px;padding-bottom:2rem;padding-left:20px;min-height:400px;aspect-ratio:unset;\"><span aria-hidden=\"true\" class=\"wp-block-cover__background has-background-dim-0 has-background-dim\"><\/span><div class=\"wp-block-cover__inner-container has-global-padding is-layout-constrained wp-container-core-cover-is-layout-f44a4a0b wp-block-cover-is-layout-constrained\">\n<div class=\"wp-block-group has-global-padding is-layout-constrained wp-block-group-is-layout-constrained\">\n<h2 class=\"wp-block-heading has-text-align-center has-text-color has-large-font-size\" style=\"color:#1e293b;margin-top:0;margin-bottom:0;font-style:normal;font-weight:500\">Me contacter<\/h2>\n\n\n\n<p class=\"has-text-align-center has-text-color has-medium-font-size\" style=\"color:#000000;margin-top:20px;margin-bottom:50px\">contact@ailesdesd\u00e9s.fr<\/p>\n<\/div>\n<\/div><\/div>\n","protected":false},"excerpt":{"rendered":"<p>D\u00e9couvrez le jeu de r\u00f4le en toute simplicit\u00e9 Mes sc\u00e9narios d&rsquo;initiation sont con\u00e7us pour faire d\u00e9couvrir au plus grand nombre le jeu de r\u00f4le, avec un minimum de r\u00e8gles pour un maximum de jeu ! Peur de ne pas savoir jouer ? Inquiet pour l&rsquo;ambiance autour de la table ? Je m&rsquo;occupe de tout : [&hellip;]<\/p>\n","protected":false},"author":1,"featured_media":0,"parent":0,"menu_order":0,"comment_status":"closed","ping_status":"closed","template":"","meta":{"footnotes":""},"class_list":["post-21","page","type-page","status-publish","hentry"],"_links":{"self":[{"href":"https:\/\/ailesdesd\u00e9s.fr\/index.php?rest_route=\/wp\/v2\/pages\/21","targetHints":{"allow":["GET"]}}],"collection":[{"href":"https:\/\/ailesdesd\u00e9s.fr\/index.php?rest_route=\/wp\/v2\/pages"}],"about":[{"href":"https:\/\/ailesdesd\u00e9s.fr\/index.php?rest_route=\/wp\/v2\/types\/page"}],"author":[{"embeddable":true,"href":"https:\/\/ailesdesd\u00e9s.fr\/index.php?rest_route=\/wp\/v2\/users\/1"}],"replies":[{"embeddable":true,"href":"https:\/\/ailesdesd\u00e9s.fr\/index.php?rest_route=%2Fwp%2Fv2%2Fcomments&post=21"}],"version-history":[{"count":91,"href":"https:\/\/ailesdesd\u00e9s.fr\/index.php?rest_route=\/wp\/v2\/pages\/21\/revisions"}],"predecessor-version":[{"id":566,"href":"https:\/\/ailesdesd\u00e9s.fr\/index.php?rest_route=\/wp\/v2\/pages\/21\/revisions\/566"}],"wp:attachment":[{"href":"https:\/\/ailesdesd\u00e9s.fr\/index.php?rest_route=%2Fwp%2Fv2%2Fmedia&parent=21"}],"curies":[{"name":"wp","href":"https:\/\/api.w.org\/{rel}","templated":true}]}}