{"id":25,"date":"2025-09-12T15:44:36","date_gmt":"2025-09-12T15:44:36","guid":{"rendered":"http:\/\/xn--ailesdesds-j7a.fr\/?page_id=25"},"modified":"2025-10-20T11:17:32","modified_gmt":"2025-10-20T09:17:32","slug":"mentions-legales","status":"publish","type":"page","link":"https:\/\/ailesdesd\u00e9s.fr\/?page_id=25","title":{"rendered":"Mentions l\u00e9gales"},"content":{"rendered":"\n<div class=\"wp-block-cover alignfull is-light\" style=\"padding-top:0;padding-bottom:0;min-height:50px;aspect-ratio:unset;\"><span aria-hidden=\"true\" class=\"wp-block-cover__background has-background-dim-0 has-background-dim\"><\/span><div class=\"wp-block-cover__inner-container has-global-padding is-layout-constrained wp-container-core-cover-is-layout-2b9b5627 wp-block-cover-is-layout-constrained\">\n<h1 class=\"wp-block-heading has-text-align-center has-text-color has-link-color has-large-font-size wp-elements-eb55d48f9630b4e65a73b48a1540c485\" style=\"color:#1e293b;font-style:normal;font-weight:500\">Mentions l\u00e9gales<\/h1>\n<\/div><\/div>\n\n\n\n<p class=\"has-text-color has-link-color has-medium-font-size wp-elements-be003f4e2fe8a5cd2b082229cbd6e238\" style=\"color:#1e293b\"><strong>L&rsquo;entreprise<\/strong><\/p>\n\n\n\n<p class=\"has-text-color has-link-color has-medium-font-size wp-elements-594482bdeeedc009e198a18a864f1c92\" style=\"color:#1e293b\">Louis Dubois-Dunilac, entrepreneur individuel<br>69 boulevard Vincent Auriol, 75013 PARIS<br>SIRET 99086398700014<br>Nom commercial : Ailes des d\u00e9s<br>TVA : franchise en base (293B CGI)<br>Site internet : <a href=\"https:\/\/ailesdesd\u00e9s.fr\/\" data-type=\"page\" data-id=\"19\">www.ailesdesd\u00e9s.fr<\/a><br>Contact : contact@ailesdesd\u00e9s.fr<br><br><strong>H\u00e9bergeur web : <\/strong><\/p>\n\n\n\n<p>OVH SAS<br>2 rue Kellerman, 59100 ROUBAIX, France<br>+33 (0)9 72 10 10 07<\/p>\n\n\n\n<p class=\"has-text-color has-link-color has-medium-font-size wp-elements-92a42ec1c05196955adb98fdc8819036\" style=\"color:#1e293b\"><strong>Propri\u00e9taire du site :<\/strong><br><br>Louis Dubois-Dunilac<\/p>\n","protected":false},"excerpt":{"rendered":"<p>L&rsquo;entreprise Louis Dubois-Dunilac, entrepreneur individuel69 boulevard Vincent Auriol, 75013 PARISSIRET 99086398700014Nom commercial : Ailes des d\u00e9sTVA : franchise en base (293B CGI)Site internet : www.ailesdesd\u00e9s.frContact : contact@ailesdesd\u00e9s.fr H\u00e9bergeur web : OVH SAS2 rue Kellerman, 59100 ROUBAIX, France+33 (0)9 72 10 10 07 Propri\u00e9taire du site : Louis Dubois-Dunilac<\/p>\n","protected":false},"author":1,"featured_media":0,"parent":0,"menu_order":0,"comment_status":"closed","ping_status":"closed","template":"","meta":{"footnotes":""},"class_list":["post-25","page","type-page","status-publish","hentry"],"_links":{"self":[{"href":"https:\/\/ailesdesd\u00e9s.fr\/index.php?rest_route=\/wp\/v2\/pages\/25","targetHints":{"allow":["GET"]}}],"collection":[{"href":"https:\/\/ailesdesd\u00e9s.fr\/index.php?rest_route=\/wp\/v2\/pages"}],"about":[{"href":"https:\/\/ailesdesd\u00e9s.fr\/index.php?rest_route=\/wp\/v2\/types\/page"}],"author":[{"embeddable":true,"href":"https:\/\/ailesdesd\u00e9s.fr\/index.php?rest_route=\/wp\/v2\/users\/1"}],"replies":[{"embeddable":true,"href":"https:\/\/ailesdesd\u00e9s.fr\/index.php?rest_route=%2Fwp%2Fv2%2Fcomments&post=25"}],"version-history":[{"count":9,"href":"https:\/\/ailesdesd\u00e9s.fr\/index.php?rest_route=\/wp\/v2\/pages\/25\/revisions"}],"predecessor-version":[{"id":512,"href":"https:\/\/ailesdesd\u00e9s.fr\/index.php?rest_route=\/wp\/v2\/pages\/25\/revisions\/512"}],"wp:attachment":[{"href":"https:\/\/ailesdesd\u00e9s.fr\/index.php?rest_route=%2Fwp%2Fv2%2Fmedia&parent=25"}],"curies":[{"name":"wp","href":"https:\/\/api.w.org\/{rel}","templated":true}]}}