{"id":366,"date":"2025-10-06T09:35:43","date_gmt":"2025-10-06T07:35:43","guid":{"rendered":"https:\/\/ailesdesd\u00e9s.fr\/?page_id=366"},"modified":"2025-10-20T11:19:25","modified_gmt":"2025-10-20T09:19:25","slug":"confidentialite","status":"publish","type":"page","link":"https:\/\/ailesdesd\u00e9s.fr\/?page_id=366","title":{"rendered":"Confidentialit\u00e9"},"content":{"rendered":"\n<p class=\"has-medium-font-size\"><strong>Utilisation des donn\u00e9es personnelles<\/strong><\/p>\n\n\n\n<p>Les donn\u00e9es personnelles collect\u00e9es sont les suivantes :<\/p>\n\n\n\n<p><strong>Utilisation du formulaire du contact :<\/strong> Nom, pr\u00e9nom, adresse de courrier \u00e9lectronique &#8211; afin de pouvoir vous contacter concernant votre demande et tenir un fichier clients.<\/p>\n\n\n\n<p>Conform\u00e9ment \u00e0 la loi Informatique et Libert\u00e9s et au RGPD, le client peut exercer ses droits (acc\u00e8s, rectification, suppression) en contactant : <a href=\"https:\/\/ailesdesd\u00e9s.fr\/?page_id=23\" data-type=\"page\" data-id=\"23\">contact@ailesdesd\u00e9s.fr<\/a>.<\/p>\n\n\n\n<p class=\"has-medium-font-size\"><strong>Cookies<\/strong><\/p>\n\n\n\n<p>Les cookies recueillis par le pr\u00e9sent site, strictement n\u00e9cessaires \u00e0 son fonctionnement, n&rsquo;entrent pas dans le champ d&rsquo;application du RGPD et de la Loi Informatique et Libert\u00e9.<\/p>\n","protected":false},"excerpt":{"rendered":"<p>Utilisation des donn\u00e9es personnelles Les donn\u00e9es personnelles collect\u00e9es sont les suivantes : Utilisation du formulaire du contact : Nom, pr\u00e9nom, adresse de courrier \u00e9lectronique &#8211; afin de pouvoir vous contacter concernant votre demande et tenir un fichier clients. Conform\u00e9ment \u00e0 la loi Informatique et Libert\u00e9s et au RGPD, le client peut exercer ses droits (acc\u00e8s, [&hellip;]<\/p>\n","protected":false},"author":1,"featured_media":0,"parent":0,"menu_order":0,"comment_status":"closed","ping_status":"closed","template":"","meta":{"footnotes":""},"class_list":["post-366","page","type-page","status-publish","hentry"],"_links":{"self":[{"href":"https:\/\/ailesdesd\u00e9s.fr\/index.php?rest_route=\/wp\/v2\/pages\/366","targetHints":{"allow":["GET"]}}],"collection":[{"href":"https:\/\/ailesdesd\u00e9s.fr\/index.php?rest_route=\/wp\/v2\/pages"}],"about":[{"href":"https:\/\/ailesdesd\u00e9s.fr\/index.php?rest_route=\/wp\/v2\/types\/page"}],"author":[{"embeddable":true,"href":"https:\/\/ailesdesd\u00e9s.fr\/index.php?rest_route=\/wp\/v2\/users\/1"}],"replies":[{"embeddable":true,"href":"https:\/\/ailesdesd\u00e9s.fr\/index.php?rest_route=%2Fwp%2Fv2%2Fcomments&post=366"}],"version-history":[{"count":5,"href":"https:\/\/ailesdesd\u00e9s.fr\/index.php?rest_route=\/wp\/v2\/pages\/366\/revisions"}],"predecessor-version":[{"id":514,"href":"https:\/\/ailesdesd\u00e9s.fr\/index.php?rest_route=\/wp\/v2\/pages\/366\/revisions\/514"}],"wp:attachment":[{"href":"https:\/\/ailesdesd\u00e9s.fr\/index.php?rest_route=%2Fwp%2Fv2%2Fmedia&parent=366"}],"curies":[{"name":"wp","href":"https:\/\/api.w.org\/{rel}","templated":true}]}}