{"id":367,"date":"2025-10-20T20:24:14","date_gmt":"2025-10-20T18:24:14","guid":{"rendered":"https:\/\/ailesdesd\u00e9s.fr\/?page_id=367"},"modified":"2025-10-20T20:24:14","modified_gmt":"2025-10-20T18:24:14","slug":"cgv","status":"publish","type":"page","link":"https:\/\/ailesdesd\u00e9s.fr\/?page_id=367","title":{"rendered":"CGV"},"content":{"rendered":"\n<h2 class=\"wp-block-heading has-text-color has-link-color has-large-font-size wp-elements-815faf7042542838d142e1e481e5b80f\" style=\"color:#1e293b\">Conditions g\u00e9n\u00e9rales de ventes<\/h2>\n\n\n\n<p>En vigueur au 20 octobre 2025<\/p>\n\n\n\n<p><strong>D\u00e9finitions pr\u00e9alables<\/strong><\/p>\n\n\n\n<p>\u00ab&nbsp;Prestataire&nbsp;\u00bb&nbsp;: d\u00e9signe Monsieur Louis Dubois-Dunilac, entrepreneur individuel, r\u00e9sidant 69 boulevard Vincent Auriol 75013 PARIS, immatricul\u00e9 au R.C.S. sous le num\u00e9ro 990 863 987, sous le nom commercial Ailes des d\u00e9s, joignable \u00e0 l\u2019adresse \u00ab&nbsp;contact@ailesdesd\u00e9s.fr&nbsp;\u00bb.<\/p>\n\n\n\n<p>\u00ab&nbsp;Prestation&nbsp;\u00bb&nbsp;: d\u00e9signe la prestation d\u00e9livr\u00e9e par le Prestataire conform\u00e9ment \u00e0 l\u2019Article 1.<\/p>\n\n\n\n<p>\u00ab&nbsp;Client&nbsp;\u00bb&nbsp;: d\u00e9signe les personnes qui ont r\u00e9serv\u00e9 la Prestation.<\/p>\n\n\n\n<p><strong>Article 1 \u2013 Caract\u00e9ristiques essentielles de la prestation<\/strong><\/p>\n\n\n\n<p><strong>1.1.<\/strong> <strong>La <\/strong><strong>P<\/strong><strong>restation comprend&nbsp;:<\/strong><\/p>\n\n\n\n<ul class=\"wp-block-list\">\n<li>L\u2019animation par le Prestataire d\u2019un sc\u00e9nario de jeu de r\u00f4le pr\u00e9alablement choisi par le Client, dans la limite du nombre de joueurs indiqu\u00e9s dans la description du sc\u00e9nario, et comprenant notamment\u00a0:\n<ul class=\"wp-block-list\">\n<li>l\u2019explication des r\u00e8gles du jeu,<\/li>\n\n\n\n<li>la description et la r\u00e9solution des sc\u00e8nes (environnement, situation de d\u00e9part, interactions, cons\u00e9quences).<\/li>\n\n\n\n<li>et plus g\u00e9n\u00e9ralement l\u2019accompagnement du Client tout au long de la Prestation.<\/li>\n<\/ul>\n<\/li>\n\n\n\n<li>Le pr\u00eat du mat\u00e9riel de jeu, notamment\u00a0:\n<ul class=\"wp-block-list\">\n<li>les fiches personnages,<\/li>\n\n\n\n<li>des aides de jeu,<\/li>\n\n\n\n<li>des d\u00e9s,<\/li>\n\n\n\n<li>des figurines.<\/li>\n<\/ul>\n<\/li>\n\n\n\n<li>L\u2019ambiance visuelle (en fonction du th\u00e8me).<\/li>\n\n\n\n<li>L\u2019ambiance sonore (en fonction du th\u00e8me).<\/li>\n<\/ul>\n\n\n\n<p><strong>1.2.<\/strong> <strong>La dur\u00e9e de la Prestation est&nbsp;:<\/strong><\/p>\n\n\n\n<ul class=\"wp-block-list\">\n<li>d\u2019au moins une (1) heure pour les sc\u00e9narios labellis\u00e9s \u00ab\u00a0Initiation\u00a0\u00bb\u00a0;<\/li>\n\n\n\n<li>d\u2019au moins deux (2) heures pour les sc\u00e9narios labellis\u00e9s \u00ab\u00a0One-Shot\u00a0\u00bb.<\/li>\n<\/ul>\n\n\n\n<p>La dur\u00e9e comprend&nbsp;:<\/p>\n\n\n\n<ul class=\"wp-block-list\">\n<li>l\u2019explication des r\u00e8gles,<\/li>\n\n\n\n<li>le d\u00e9roul\u00e9 du sc\u00e9nario,<\/li>\n\n\n\n<li>la ou les \u00e9ventuelles pauses propos\u00e9es par le Prestataire ou par le Client,<\/li>\n\n\n\n<li>le retour d\u2019exp\u00e9rience.<\/li>\n<\/ul>\n\n\n\n<p><strong>Article 2 \u2013 Prix<\/strong><\/p>\n\n\n\n<p>Le prix de la Prestation est fix\u00e9 en fonction (i) du type de sc\u00e9nario r\u00e9serv\u00e9 et (ii) du nombre de joueurs pr\u00e9vus \u00e0 la r\u00e9servation ou, s\u2019il est sup\u00e9rieur, au nombre de joueurs pr\u00e9sents lors de la Prestation.<\/p>\n\n\n\n<p><strong>2.1. Sc\u00e9nario d\u2019initiation<\/strong><\/p>\n\n\n\n<figure class=\"wp-block-table\"><table class=\"has-fixed-layout\"><tbody><tr><td><strong>Prix de la Prestation<\/strong><\/td><td><strong>Nombre de joueurs<\/strong><\/td><\/tr><tr><td><strong>40 \u20ac <\/strong>TTC<\/td><td><strong>2<\/strong><\/td><\/tr><tr><td><strong>54 \u20ac <\/strong>TTC<\/td><td><strong>3<\/strong><\/td><\/tr><tr><td><strong>68 \u20ac <\/strong>TTC<\/td><td><strong>4<\/strong><\/td><\/tr><tr><td><strong>80 \u20ac <\/strong>TTC<\/td><td><strong>5<\/strong><\/td><\/tr><tr><td><strong>90 \u20ac <\/strong>TTC<\/td><td><strong>6<\/strong><\/td><\/tr><\/tbody><\/table><\/figure>\n\n\n\n<p><strong>2.2. Sc\u00e9nario One-Shot<\/strong><\/p>\n\n\n\n<figure class=\"wp-block-table\"><table class=\"has-fixed-layout\"><tbody><tr><td><strong>Prix de la Prestation<\/strong><\/td><td><strong>Nombre de joueurs<\/strong><\/td><\/tr><tr><td><strong>70 \u20ac <\/strong>TTC<\/td><td><strong>2<\/strong><\/td><\/tr><tr><td><strong>90 \u20ac <\/strong>TTC<\/td><td><strong>3<\/strong><\/td><\/tr><tr><td><strong>112 \u20ac <\/strong>TTC<\/td><td><strong>4<\/strong><\/td><\/tr><tr><td><strong>120 \u20ac <\/strong>TTC<\/td><td><strong>5<\/strong><\/td><\/tr><tr><td><strong>120 \u20ac <\/strong>TTC<\/td><td><strong>6<\/strong><\/td><\/tr><\/tbody><\/table><\/figure>\n\n\n\n<p><strong>2.3.<\/strong> La moiti\u00e9 (50%) du prix sera vers\u00e9e \u00e0 titre d\u2019acompte \u00e0 la r\u00e9servation et le solde (50%) le jour de la Prestation.<\/p>\n\n\n\n<p><strong>Article 3 \u2013 Engagements du Client<\/strong><\/p>\n\n\n\n<p>Le Client s\u2019engage \u00e0 verser le prix de la Prestation selon les modalit\u00e9s de l\u2019<strong>Article 2<\/strong>.<\/p>\n\n\n\n<p>Le Client s\u2019engage&nbsp;\u00e0 fournir un espace de jeu adapt\u00e9, comprenant notamment&nbsp;:<\/p>\n\n\n\n<ul class=\"wp-block-list\">\n<li>une table sur laquelle le mat\u00e9riel de jeu pourra \u00eatre dispos\u00e9,<\/li>\n\n\n\n<li>des assises pour le Prestataire et le Client,<\/li>\n\n\n\n<li>un niveau sonore ambiant de nature \u00e0 permettre une conversation sans \u00e9lever la voix.<\/li>\n<\/ul>\n\n\n\n<p>Le Client s\u2019engage \u00e0 avertir en amont le Prestataire des \u00e9ventuelles th\u00e9matiques sensibles \u00e0 \u00e9viter au cours de la Prestation.<\/p>\n\n\n\n<p><strong>Article 4 \u2013 Ex\u00e9cution de la Prestation<\/strong><\/p>\n\n\n\n<p>Le Prestataire s\u2019engage \u00e0 r\u00e9aliser la Prestation \u00e0 la date, \u00e0 l\u2019heure et au lieu convenu lors de la conclusion de la r\u00e9servation. La r\u00e9servation est d\u00e9finitive \u00e0 la r\u00e9ception du paiement de l\u2019acompte ainsi qu\u2019il est dit ci-dessus \u00e0 l\u2019<strong>Article 2<\/strong>.<\/p>\n\n\n\n<p><strong>Article 5 \u2013 Report \u2013 Annulation \u2013 R\u00e9clamation<\/strong><\/p>\n\n\n\n<p><strong>5.1.<\/strong> Le Prestataire se r\u00e9serve le droit de reporter la Prestation pour tout motif ne d\u00e9pendant pas de sa volont\u00e9 (maladie, accident, impr\u00e9vu familial&#8230;). La nouvelle date sera convenue avec le Client et en cas d\u2019impossibilit\u00e9 de reporter la Prestation, cette derni\u00e8re sera annul\u00e9e et le Client sera rembours\u00e9 de l\u2019acompte vers\u00e9.<\/p>\n\n\n\n<p><strong>5.2. <\/strong>Le Prestataire se r\u00e9serve le droit d\u2019annuler la Prestation lorsqu\u2019il lui appara\u00eet que les conditions ne sont pas r\u00e9unies pour le bon d\u00e9roulement de la Prestation (alcool, stup\u00e9fiant, violence physiques ou verbales, insalubrit\u00e9\u2026). Le Client sera rembours\u00e9 de l\u2019acompte vers\u00e9.<\/p>\n\n\n\n<p><strong>5.3.<\/strong> Conform\u00e9ment aux dispositions de l\u2019article L&nbsp;.221-28, 12\u00b0, du code de la consommation la Client ne b\u00e9n\u00e9ficie pas du droit l\u00e9gal de r\u00e9tractation pr\u00e9vu \u00e0 l\u2019article L. 221-18 du m\u00eame code. N\u00e9anmoins, le Prestataire consent \u00e0 ce que la Prestation soit report\u00e9e ou annul\u00e9e \u00e0 l\u2019initiative du Client, en respectant un d\u00e9lai de pr\u00e9avis de 3 jours avant la Prestation. Dans le cas d\u2019une annulation, l\u2019acompte vers\u00e9 sera restitu\u00e9.<\/p>\n\n\n\n<p><strong>5.4.<\/strong> En cas de contestation, le Client est invit\u00e9 \u00e0 contacter le Prestataire \u00e0 l&rsquo;adresse suivante : contact@ailesdesd\u00e9s.fr. En cas de difficult\u00e9s, le Client peut recourir \u00e0 une m\u00e9diation (<a href=\"https:\/\/consumer-redress.ec.europa.eu\/index_fr\">https:\/\/consumer-redress.ec.europa.eu\/index_fr<\/a>).<\/p>\n\n\n\n<p><strong>5.5.<\/strong> Autrement, les litiges seront port\u00e9s devant le tribunal comp\u00e9tent du domicile du Client.<\/p>\n","protected":false},"excerpt":{"rendered":"<p>Conditions g\u00e9n\u00e9rales de ventes En vigueur au 20 octobre 2025 D\u00e9finitions pr\u00e9alables \u00ab&nbsp;Prestataire&nbsp;\u00bb&nbsp;: d\u00e9signe Monsieur Louis Dubois-Dunilac, entrepreneur individuel, r\u00e9sidant 69 boulevard Vincent Auriol 75013 PARIS, immatricul\u00e9 au R.C.S. sous le num\u00e9ro 990 863 987, sous le nom commercial Ailes des d\u00e9s, joignable \u00e0 l\u2019adresse \u00ab&nbsp;contact@ailesdesd\u00e9s.fr&nbsp;\u00bb. \u00ab&nbsp;Prestation&nbsp;\u00bb&nbsp;: d\u00e9signe la prestation d\u00e9livr\u00e9e par le Prestataire conform\u00e9ment [&hellip;]<\/p>\n","protected":false},"author":1,"featured_media":0,"parent":0,"menu_order":0,"comment_status":"closed","ping_status":"closed","template":"","meta":{"footnotes":""},"class_list":["post-367","page","type-page","status-publish","hentry"],"_links":{"self":[{"href":"https:\/\/ailesdesd\u00e9s.fr\/index.php?rest_route=\/wp\/v2\/pages\/367","targetHints":{"allow":["GET"]}}],"collection":[{"href":"https:\/\/ailesdesd\u00e9s.fr\/index.php?rest_route=\/wp\/v2\/pages"}],"about":[{"href":"https:\/\/ailesdesd\u00e9s.fr\/index.php?rest_route=\/wp\/v2\/types\/page"}],"author":[{"embeddable":true,"href":"https:\/\/ailesdesd\u00e9s.fr\/index.php?rest_route=\/wp\/v2\/users\/1"}],"replies":[{"embeddable":true,"href":"https:\/\/ailesdesd\u00e9s.fr\/index.php?rest_route=%2Fwp%2Fv2%2Fcomments&post=367"}],"version-history":[{"count":2,"href":"https:\/\/ailesdesd\u00e9s.fr\/index.php?rest_route=\/wp\/v2\/pages\/367\/revisions"}],"predecessor-version":[{"id":515,"href":"https:\/\/ailesdesd\u00e9s.fr\/index.php?rest_route=\/wp\/v2\/pages\/367\/revisions\/515"}],"wp:attachment":[{"href":"https:\/\/ailesdesd\u00e9s.fr\/index.php?rest_route=%2Fwp%2Fv2%2Fmedia&parent=367"}],"curies":[{"name":"wp","href":"https:\/\/api.w.org\/{rel}","templated":true}]}}