{"id":404,"date":"2025-10-06T10:53:43","date_gmt":"2025-10-06T08:53:43","guid":{"rendered":"https:\/\/ailesdesd\u00e9s.fr\/?page_id=404"},"modified":"2025-10-06T15:23:23","modified_gmt":"2025-10-06T13:23:23","slug":"one-shot","status":"publish","type":"page","link":"https:\/\/ailesdesd\u00e9s.fr\/?page_id=404","title":{"rendered":"One-Shot"},"content":{"rendered":"\n<div style=\"height:3px\" aria-hidden=\"true\" class=\"wp-block-spacer\"><\/div>\n\n\n\n<div class=\"wp-block-cover alignfull is-light\" style=\"padding-top:0;padding-bottom:0;min-height:108px;aspect-ratio:unset;\"><span aria-hidden=\"true\" class=\"wp-block-cover__background has-background-dim-0 has-background-dim\"><\/span><div class=\"wp-block-cover__inner-container has-global-padding is-layout-constrained wp-container-core-cover-is-layout-2b9b5627 wp-block-cover-is-layout-constrained\">\n<h1 class=\"wp-block-heading has-text-align-center has-text-color has-link-color has-large-font-size wp-elements-d23a84ff7d65d9cc8461b4d3d13ff1a2\" style=\"color:#1e293b;font-style:normal;font-weight:500\">Aventure en One-Shot<\/h1>\n<\/div><\/div>\n\n\n<div class=\"n2_clear\"><ss3-force-full-width data-overflow-x=\"body\" data-horizontal-selector=\"body\"><div class=\"n2-section-smartslider fitvidsignore  n2_clear\" data-ssid=\"3\"><div id=\"n2-ss-3-align\" class=\"n2-ss-align\"><div class=\"n2-padding\"><div id=\"n2-ss-3\" data-creator=\"Smart Slider 3\" data-responsive=\"fullwidth\" class=\"n2-ss-slider n2-ow n2-has-hover n2notransition  \"><div class=\"n2-ss-slider-wrapper-inside\">\n        <div class=\"n2-ss-slider-1 n2_ss__touch_element n2-ow\">\n            <div class=\"n2-ss-slider-2 n2-ow\">\n                                                    <div class=\"n2-ss-background-animation n2-ow\"><\/div>\n                                <div class=\"n2-ss-slider-3 n2-ow\">\n\n                    <div class=\"n2-ss-slide-backgrounds n2-ow-all\"><div class=\"n2-ss-slide-background\" data-public-id=\"1\" data-mode=\"fill\"><div class=\"n2-ss-slide-background-image\" data-blur=\"0\" data-opacity=\"100\" data-x=\"50\" data-y=\"50\" data-alt=\"\" data-title=\"\"><picture class=\"skip-lazy\" data-skip-lazy=\"1\"><img decoding=\"async\" src=\"\/\/ailesdesd\u00e9s.fr\/wp-content\/uploads\/2025\/10\/desert-2.jpg\" alt=\"\" title=\"\" loading=\"lazy\" class=\"skip-lazy\" data-skip-lazy=\"1\"><\/picture><\/div><div data-color=\"RGBA(255,255,255,0)\" style=\"background-color: RGBA(255,255,255,0);\" class=\"n2-ss-slide-background-color\"><\/div><\/div><div class=\"n2-ss-slide-background\" data-public-id=\"2\" data-mode=\"fill\" aria-hidden=\"true\"><div class=\"n2-ss-slide-background-image\" data-blur=\"0\" data-opacity=\"100\" data-x=\"50\" data-y=\"50\" data-alt=\"\" data-title=\"\"><picture class=\"skip-lazy\" data-skip-lazy=\"1\"><img decoding=\"async\" src=\"\/\/ailesdesd\u00e9s.fr\/wp-content\/uploads\/2025\/09\/Esprit.jpg\" alt=\"\" title=\"\" loading=\"lazy\" class=\"skip-lazy\" data-skip-lazy=\"1\"><\/picture><\/div><div data-color=\"RGBA(255,255,255,0)\" style=\"background-color: RGBA(255,255,255,0);\" class=\"n2-ss-slide-background-color\"><\/div><\/div><\/div>                    <div class=\"n2-ss-slider-4 n2-ow\">\n                        <svg xmlns=\"http:\/\/www.w3.org\/2000\/svg\" viewBox=\"0 0 1200 500\" data-related-device=\"desktopPortrait\" class=\"n2-ow n2-ss-preserve-size n2-ss-preserve-size--slider n2-ss-slide-limiter\"><\/svg><div data-first=\"1\" data-slide-duration=\"0\" data-id=\"12\" data-slide-public-id=\"1\" data-title=\"L'Ombre de la pyramide\" class=\"n2-ss-slide n2-ow  n2-ss-slide-12\"><div role=\"note\" class=\"n2-ss-slide--focus\" tabindex=\"-1\">L&rsquo;Ombre de la pyramide<\/div><div class=\"n2-ss-layers-container n2-ss-slide-limiter n2-ow\"><div class=\"n2-ss-layer n2-ow n-uc-AdIm9ZnpYqal\" data-sstype=\"slide\" data-pm=\"default\"><div class=\"n2-ss-layer n2-ow n-uc-lHoIyi1TApZs\" data-pm=\"default\" data-sstype=\"content\" data-hasbackground=\"0\"><div class=\"n2-ss-section-main-content n2-ss-layer-with-background n2-ss-layer-content n2-ow n-uc-lHoIyi1TApZs-inner\"><div class=\"n2-ss-layer n2-ow n-uc-16806134c8835\" data-pm=\"normal\" data-sstype=\"layer\"><div id=\"n2-ss-3item1\" class=\"n2-font-137d5ec5186e4b11bf758bb82b5e249a-hover n2-style-73c6804d4f1c4cf65c03d44ea573ef88-heading   n2-ss-item-content n2-ss-text n2-ow\" style=\"display:block;\">Le Tr\u00f4ne de R\u00ea<\/div><\/div><div class=\"n2-ss-layer n2-ow n2-ss-layer--block n2-ss-has-self-align n-uc-1ca4411a643a7\" data-pm=\"normal\" data-sstype=\"row\"><div class=\"n2-ss-layer-row n2-ss-layer-with-background n-uc-1ca4411a643a7-inner\"><div class=\"n2-ss-layer-row-inner \"><div class=\"n2-ss-layer n2-ow n-uc-1d22a7d6d95bf\" data-pm=\"default\" data-sstype=\"col\"><div class=\"n2-ss-layer-col n2-ss-layer-with-background n2-ss-layer-content n-uc-1d22a7d6d95bf-inner\"><div class=\"n2-ss-layer n2-ow n-uc-1cec6d1ad5162\" data-pm=\"normal\" data-sstype=\"layer\"><div class=\"n2-ss-item-content n2-ss-text n2-ow-all\"><div class=\"\"><p class=\"n2-font-d36b34b7afd7f0619467d0d15e61aeb0-paragraph  n2-style-848a9f999cd3532a9aa54dce0e9e614c-heading  \">Une temp\u00eate se d\u00e9cha\u00eene au dessus de la grande pyramide. En tant qu&rsquo;antiques magiciens \u00e9gyptiens, emp\u00eachez le Prince du Chaos de revendiquer le Tr\u00f4ne de R\u00ea, Roi des dieux.<\/p>\n<\/div><\/div><\/div><\/div><\/div><div class=\"n2-ss-layer n2-ow n-uc-184403731592b\" data-pm=\"default\" data-sstype=\"col\"><div class=\"n2-ss-layer-col n2-ss-layer-with-background n2-ss-layer-content n-uc-184403731592b-inner\"><div class=\"n2-ss-layer n2-ow n-uc-1ddf7374e3be3\" data-pm=\"normal\" data-sstype=\"layer\"><div class=\"n2-ss-item-content n2-ss-text n2-ow-all\"><div class=\"\"><p class=\"n2-font-3d935243bc7c1e3fbf5bf6c23b3861e0-paragraph  n2-style-a3a164ff1ae006fa4641d3507c1185a4-heading  \"><b>D\u00e9butants <\/b>\/ <b>confirm\u00e9s<\/b><br \/>\nDe <b>2 \u00e0 6 joueurs<\/b><br \/>\nDur\u00e9e d&rsquo;<b>environ 2h30<\/b><br \/>\n\u00c0 partir de <b>20\u20ac\/pers.<\/b><\/p>\n<\/div><\/div><\/div><\/div><\/div><\/div><\/div><\/div><\/div><\/div><\/div><\/div><\/div><div data-slide-duration=\"0\" data-id=\"15\" data-slide-public-id=\"2\" aria-hidden=\"true\" data-title=\"\u00c0 venir\" class=\"n2-ss-slide n2-ow  n2-ss-slide-15\"><div role=\"note\" class=\"n2-ss-slide--focus\" tabindex=\"-1\">\u00c0 venir<\/div><div class=\"n2-ss-layers-container n2-ss-slide-limiter n2-ow\"><div class=\"n2-ss-layer n2-ow n-uc-sRmp2yCiC1r7\" data-sstype=\"slide\" data-pm=\"default\"><div class=\"n2-ss-layer n2-ow n-uc-X2cnDgl84lPS\" data-pm=\"default\" data-sstype=\"content\" data-hasbackground=\"0\"><div class=\"n2-ss-section-main-content n2-ss-layer-with-background n2-ss-layer-content n2-ow n-uc-X2cnDgl84lPS-inner\"><div class=\"n2-ss-layer n2-ow n-uc-7TcwsyOJ9Dsj\" data-pm=\"normal\" data-sstype=\"layer\"><div id=\"n2-ss-3item4\" class=\"n2-font-c585e11820b4064788f3a259bcacbeb0-hover n2-style-61f340e42fba6e7474e287bd466d672e-heading   n2-ss-item-content n2-ss-text n2-ow\" style=\"display:block;\">Et d&rsquo;autres \u00e0 venir !<\/div><\/div><\/div><\/div><\/div><\/div><\/div>                    <\/div>\n\n                                    <\/div>\n            <\/div>\n        <\/div>\n        <div class=\"n2-ss-slider-controls n2-ss-slider-controls-absolute-left-center\"><div style=\"--widget-offset:15px;\" class=\"n2-ss-widget nextend-arrow n2-ow-all nextend-arrow-previous  nextend-arrow-animated-fade\" id=\"n2-ss-3-arrow-previous\" role=\"button\" aria-label=\"previous arrow\" tabindex=\"0\"><img loading=\"lazy\" decoding=\"async\" width=\"32\" height=\"32\" class=\"skip-lazy\" data-skip-lazy=\"1\" src=\"data:image\/svg+xml;base64,PHN2ZyB3aWR0aD0iMzIiIGhlaWdodD0iMzIiIHZpZXdCb3g9IjAgMCAzMiAzMiIgeG1sbnM9Imh0dHA6Ly93d3cudzMub3JnLzIwMDAvc3ZnIj4KICAgIDxwYXRoIGQ9Ik0xMS40MzMgMTUuOTkyTDIyLjY5IDUuNzEyYy4zOTMtLjM5LjM5My0xLjAzIDAtMS40Mi0uMzkzLS4zOS0xLjAzLS4zOS0xLjQyMyAwbC0xMS45OCAxMC45NGMtLjIxLjIxLS4zLjQ5LS4yODUuNzYtLjAxNS4yOC4wNzUuNTYuMjg0Ljc3bDExLjk4IDEwLjk0Yy4zOTMuMzkgMS4wMy4zOSAxLjQyNCAwIC4zOTMtLjQuMzkzLTEuMDMgMC0xLjQybC0xMS4yNTctMTAuMjkiCiAgICAgICAgICBmaWxsPSIjZmZmZmZmIiBvcGFjaXR5PSIwLjgiIGZpbGwtcnVsZT0iZXZlbm9kZCIvPgo8L3N2Zz4=\" alt=\"previous arrow\"><\/div><\/div><div class=\"n2-ss-slider-controls n2-ss-slider-controls-absolute-right-center\"><div style=\"--widget-offset:15px;\" class=\"n2-ss-widget nextend-arrow n2-ow-all nextend-arrow-next  nextend-arrow-animated-fade\" id=\"n2-ss-3-arrow-next\" role=\"button\" aria-label=\"next arrow\" tabindex=\"0\"><img loading=\"lazy\" decoding=\"async\" width=\"32\" height=\"32\" class=\"skip-lazy\" data-skip-lazy=\"1\" src=\"data:image\/svg+xml;base64,PHN2ZyB3aWR0aD0iMzIiIGhlaWdodD0iMzIiIHZpZXdCb3g9IjAgMCAzMiAzMiIgeG1sbnM9Imh0dHA6Ly93d3cudzMub3JnLzIwMDAvc3ZnIj4KICAgIDxwYXRoIGQ9Ik0xMC43MjIgNC4yOTNjLS4zOTQtLjM5LTEuMDMyLS4zOS0xLjQyNyAwLS4zOTMuMzktLjM5MyAxLjAzIDAgMS40MmwxMS4yODMgMTAuMjgtMTEuMjgzIDEwLjI5Yy0uMzkzLjM5LS4zOTMgMS4wMiAwIDEuNDIuMzk1LjM5IDEuMDMzLjM5IDEuNDI3IDBsMTIuMDA3LTEwLjk0Yy4yMS0uMjEuMy0uNDkuMjg0LS43Ny4wMTQtLjI3LS4wNzYtLjU1LS4yODYtLjc2TDEwLjcyIDQuMjkzeiIKICAgICAgICAgIGZpbGw9IiNmZmZmZmYiIG9wYWNpdHk9IjAuOCIgZmlsbC1ydWxlPSJldmVub2RkIi8+Cjwvc3ZnPg==\" alt=\"next arrow\"><\/div><\/div><\/div><\/div><ss3-loader><\/ss3-loader><\/div><\/div><div class=\"n2_clear\"><\/div><\/div><\/ss3-force-full-width><\/div>\n\n\n<h2 class=\"wp-block-heading has-text-align-center has-text-color has-link-color has-large-font-size wp-elements-ad845cf0114d0a4975f5502a4b92facd\" style=\"color:#1e293b\"><strong>Poursuivez l&rsquo;aventure !<\/strong><\/h2>\n\n\n\n<p>Vous avez aim\u00e9 les sc\u00e9narios d&rsquo;Initiation ? D\u00e9couvrez la <strong>suite de l&rsquo;histoire<\/strong> dans les sc\u00e9narios One-Shot !<br><br>De <strong>nouvelles comp\u00e9tences<\/strong> et des <strong>r\u00e8gles plus pouss\u00e9es<\/strong> pour vivre l&rsquo;aventure \u00e0 fond !<\/p>\n\n\n\n<h2 class=\"wp-block-heading has-text-align-center has-text-color has-link-color has-large-font-size wp-elements-ff586d60376b32fccbe78b55d227542a\" style=\"color:#1e293b\"><strong>Tarifs<\/strong><\/h2>\n\n\n\n<figure class=\"wp-block-table\"><table><tbody><tr><td class=\"has-text-align-center\" data-align=\"center\">2 joueurs<\/td><td class=\"has-text-align-center\" data-align=\"center\">35\u20ac par personne<\/td><\/tr><tr><td class=\"has-text-align-center\" data-align=\"center\">3 joueurs<\/td><td class=\"has-text-align-center\" data-align=\"center\">30\u20ac par personne<\/td><\/tr><tr><td class=\"has-text-align-center\" data-align=\"center\">4 joueurs<\/td><td class=\"has-text-align-center\" data-align=\"center\">28 \u20ac par personne<\/td><\/tr><tr><td class=\"has-text-align-center\" data-align=\"center\">5 joueurs<\/td><td class=\"has-text-align-center\" data-align=\"center\">24\u20ac par personne<\/td><\/tr><tr><td class=\"has-text-align-center\" data-align=\"center\">6 joueurs<\/td><td class=\"has-text-align-center\" data-align=\"center\">20 \u20ac par personne<\/td><\/tr><\/tbody><\/table><\/figure>\n\n\n\n<div class=\"wp-block-cover alignfull is-light\" style=\"margin-top:0;margin-bottom:0;padding-top:2rem;padding-right:20px;padding-bottom:2rem;padding-left:20px;min-height:400px;aspect-ratio:unset;\"><span aria-hidden=\"true\" class=\"wp-block-cover__background has-background-dim-0 has-background-dim\"><\/span><div class=\"wp-block-cover__inner-container has-global-padding is-layout-constrained wp-container-core-cover-is-layout-f44a4a0b wp-block-cover-is-layout-constrained\">\n<div class=\"wp-block-group has-global-padding is-layout-constrained wp-block-group-is-layout-constrained\">\n<div class=\"wp-block-buttons is-content-justification-center is-layout-flex wp-container-core-buttons-is-layout-a89b3969 wp-block-buttons-is-layout-flex\">\n<div class=\"wp-block-button\"><a class=\"wp-block-button__link has-text-color has-background has-medium-font-size has-custom-font-size wp-element-button\" href=\"https:\/\/ailesdesd\u00e9s.fr\/?page_id=23\" style=\"border-radius:7px;color:#ffffff;background-color:#1e293b;padding-top:var(--wp--preset--spacing--40);padding-right:var(--wp--preset--spacing--40);padding-bottom:var(--wp--preset--spacing--40);padding-left:var(--wp--preset--spacing--40);line-height:1.2\"><strong>Me contacter<\/strong><\/a><\/div>\n<\/div>\n<\/div>\n\n\n\n<div class=\"wp-block-group has-global-padding is-layout-constrained wp-block-group-is-layout-constrained\">\n<div style=\"height:16px\" aria-hidden=\"true\" class=\"wp-block-spacer\"><\/div>\n\n\n\n<h2 class=\"wp-block-heading has-text-align-center has-text-color has-large-font-size\" style=\"color:#1e293b;margin-top:0;margin-bottom:0;font-style:normal;font-weight:500\">R\u00e9seaux sociaux<\/h2>\n\n\n\n<p class=\"has-text-align-center has-text-color has-medium-font-size\" style=\"color:#000000;margin-top:20px;margin-bottom:50px\">Suis moi sur les r\u00e9seaux !<\/p>\n\n\n\n<div class=\"wp-block-buttons is-content-justification-center is-layout-flex wp-container-core-buttons-is-layout-a89b3969 wp-block-buttons-is-layout-flex\">\n<div class=\"wp-block-button\"><a class=\"wp-block-button__link has-text-color has-background has-medium-font-size has-custom-font-size wp-element-button\" href=\"https:\/\/www.instagram.com\/ailesdesdes?igsh=MWtwYjVpNXkxMzJycA==&amp;utm_source=ig_contact_invite\" style=\"border-radius:7px;color:#ffffff;background-color:#1e293b;padding-top:var(--wp--preset--spacing--40);padding-right:var(--wp--preset--spacing--40);padding-bottom:var(--wp--preset--spacing--40);padding-left:var(--wp--preset--spacing--40);line-height:1.2\"><strong>Instagram<\/strong><\/a><\/div>\n<\/div>\n<\/div>\n<\/div><\/div>\n","protected":false},"excerpt":{"rendered":"<p>Poursuivez l&rsquo;aventure ! Vous avez aim\u00e9 les sc\u00e9narios d&rsquo;Initiation ? D\u00e9couvrez la suite de l&rsquo;histoire dans les sc\u00e9narios One-Shot ! De nouvelles comp\u00e9tences et des r\u00e8gles plus pouss\u00e9es pour vivre l&rsquo;aventure \u00e0 fond ! Tarifs 2 joueurs 35\u20ac par personne 3 joueurs 30\u20ac par personne 4 joueurs 28 \u20ac par personne 5 joueurs 24\u20ac par [&hellip;]<\/p>\n","protected":false},"author":1,"featured_media":0,"parent":0,"menu_order":0,"comment_status":"closed","ping_status":"closed","template":"","meta":{"footnotes":""},"class_list":["post-404","page","type-page","status-publish","hentry"],"_links":{"self":[{"href":"https:\/\/ailesdesd\u00e9s.fr\/index.php?rest_route=\/wp\/v2\/pages\/404","targetHints":{"allow":["GET"]}}],"collection":[{"href":"https:\/\/ailesdesd\u00e9s.fr\/index.php?rest_route=\/wp\/v2\/pages"}],"about":[{"href":"https:\/\/ailesdesd\u00e9s.fr\/index.php?rest_route=\/wp\/v2\/types\/page"}],"author":[{"embeddable":true,"href":"https:\/\/ailesdesd\u00e9s.fr\/index.php?rest_route=\/wp\/v2\/users\/1"}],"replies":[{"embeddable":true,"href":"https:\/\/ailesdesd\u00e9s.fr\/index.php?rest_route=%2Fwp%2Fv2%2Fcomments&post=404"}],"version-history":[{"count":15,"href":"https:\/\/ailesdesd\u00e9s.fr\/index.php?rest_route=\/wp\/v2\/pages\/404\/revisions"}],"predecessor-version":[{"id":501,"href":"https:\/\/ailesdesd\u00e9s.fr\/index.php?rest_route=\/wp\/v2\/pages\/404\/revisions\/501"}],"wp:attachment":[{"href":"https:\/\/ailesdesd\u00e9s.fr\/index.php?rest_route=%2Fwp%2Fv2%2Fmedia&parent=404"}],"curies":[{"name":"wp","href":"https:\/\/api.w.org\/{rel}","templated":true}]}}